{"id":1160,"date":"2019-02-02T16:34:01","date_gmt":"2019-02-02T15:34:01","guid":{"rendered":"http:\/\/www.americanwildwheels.com\/zzap\/?post_type=product&#038;p=1160"},"modified":"2019-02-02T16:34:01","modified_gmt":"2019-02-02T15:34:01","slug":"chipbox-centralina-esterna-programmata-jeep-turbo-diesel","status":"publish","type":"product","link":"https:\/\/americanwildwheels.com\/?product=chipbox-centralina-esterna-programmata-jeep-turbo-diesel","title":{"rendered":"Chipbox Centralina Esterna Programmata  &#8211; Jeep Turbo Diesel"},"content":{"rendered":"<p>Chipbox Diesel \u00e8 una<strong> centralina aggiuntiva programmabile<\/strong> per motori turbo diesel.<\/p>\n<p>E&#8217; disponibile per <strong>diversi modelli di Jeep e motorizzazioni.<\/strong><\/p>\n<p><strong>La centralina \u00e8 capace di garantire incrementi di potenza importanti nel completo rispetto del motore<\/strong>, <strong>con un ottimo risparmio di carburante e mantenendo una bassa emissione di fumi secondo le normative vigenti<\/strong>.<\/p>\n<p>Il kit viene fornito precedentemente programmato per la vettura, completo di cablaggio rapido di installazione, manuale illustrato in italiano e, su richiesta, il software di programmazione per personalizzare la mappa, il tutto con tre anni di garanzia (solo per installatori).<\/p>\n<p>DETTAGLI PRODOTTO:<\/p>\n<ul>\n<li><strong>Centralina aggiuntiva programmabile<\/strong><\/li>\n<li><strong>Reversibilit\u00e0 totale dell&#8217;operazione di installazione:<\/strong> montaggio rapido con cablaggio con connettori originali (nessuna modifica all&#8217;impianto originale richiesta)<\/li>\n<li><strong>Mantenimento della garanzia del veicolo<\/strong><\/li>\n<li><strong>Aumento di potenza:\u00a0<\/strong>con un&#8217;adeguata gestione del carburante e della pressione turbina si raggiungono incrementi fino al 30%.<\/li>\n<li><strong>Diminuzione dei consumi:\u00a0<\/strong>grazie all&#8217;aumento di coppia e al rendimento del motore pi\u00f9 elevato i consumi si riducono fino al 10%<\/li>\n<li><strong>Software dedicato:<\/strong> con il software dedicato \u00e8 possibile modificare la mappatura della centralina, anche su strada. (Solo per rivenditori e installatori)<\/li>\n<li><strong>Riduce il turbo lag:<\/strong>\u00a0grazie all&#8217;ottimizzazione dell&#8217;iniezione e al miglioramento di coppia si ha una riduzione del ritardo del turbo<\/li>\n<li><strong>Qualit\u00e0 Made in Italy<\/strong>: la centralina Chipbox \u00e8 stata progettata e realizzata con tutti i requisiti di sicurezza e compatibilit\u00e0 elettromagnetica T\u00dcV<\/li>\n<\/ul>\n<p>APPLICAZIONE:<\/p>\n<p>Disponibile su richiesta per diversi modelli di Jeep e tipi di motore.<\/p>\n","protected":false},"excerpt":{"rendered":"<ul>\n<li>Aumento potenza<\/li>\n<li>Diminuzione consumi<\/li>\n<li>Software dedicato<\/li>\n<li>Riduzione turbo lag<\/li>\n<li>Installazione facile e veloce<\/li>\n<li>Per Jeep Turbo Diesel<\/li>\n<\/ul>\n","protected":false},"featured_media":1163,"template":"","meta":[],"_links":{"self":[{"href":"https:\/\/americanwildwheels.com\/index.php?rest_route=\/wp\/v2\/product\/1160"}],"collection":[{"href":"https:\/\/americanwildwheels.com\/index.php?rest_route=\/wp\/v2\/product"}],"about":[{"href":"https:\/\/americanwildwheels.com\/index.php?rest_route=\/wp\/v2\/types\/product"}],"wp:featuredmedia":[{"embeddable":true,"href":"https:\/\/americanwildwheels.com\/index.php?rest_route=\/wp\/v2\/media\/1163"}],"wp:attachment":[{"href":"https:\/\/americanwildwheels.com\/index.php?rest_route=%2Fwp%2Fv2%2Fmedia&parent=1160"}],"curies":[{"name":"wp","href":"https:\/\/api.w.org\/{rel}","templated":true}]}}