{"id":1165,"date":"2019-02-02T17:01:19","date_gmt":"2019-02-02T16:01:19","guid":{"rendered":"http:\/\/www.americanwildwheels.com\/zzap\/?post_type=product&#038;p=1165"},"modified":"2022-11-21T16:07:18","modified_gmt":"2022-11-21T15:07:18","slug":"pedalbooster-touch","status":"publish","type":"product","link":"https:\/\/americanwildwheels.com\/?product=pedalbooster-touch","title":{"rendered":"Pedalbooster Touch"},"content":{"rendered":"<p>Il sistema\u00a0<strong>Pedalbooster\u00a0<\/strong>si connette facilmente al cablaggio del pedale acceleratore elettronico rendendo <strong>l\u2019auto immediatamente pi\u00f9 reattiva e brillante.<\/strong> <strong>Dotato di 4 programmi selezionabili: City, Sport, Race, Plus<\/strong>.<\/p>\n<p>Su tutte le auto di ultima generazione, il sistema \u201cDrive by wire\u201d ha soppiantato l\u2019obsoleto cavo acceleratore. Il comando, inviato elettronicamente, viene gestito dalla centralina motore per erogare la potenza secondo il desiderio del guidatore.<\/p>\n<p>All\u2019atto pratico, attraverso l&#8217;installazione di <strong>Pedalbooster,<\/strong> all\u2019azione del piede corrisponde l\u2019immediata reazione del pedale che a sua volta comanda l\u2019apertura della farfalla di alimentazione.<\/p>\n<p>La<strong> guida risulter\u00e0 pi\u00f9 piacevole e la vettura maggiormente reattiva.<\/strong>\u00a0<strong>Pedalbooster<\/strong>\u00a0\u00e8 disponibile per tutti i modelli di Jeep con acceleratore elettronico diesel, benzina o Gpl sia con cambio manuale che automatico.<\/p>\n<p><strong>Pedalbooster Touch<\/strong>\u00a0 \u00e8 dotato di<strong> telecomando \u201ctouch\u201d<\/strong> con il quale \u00e8 possibile selezionare 3 diverse modalit\u00e0 preimpostate (City, Sport;Race) e la modalit\u00e0 Plus personalizzabile a piacimento.<\/p>\n<p>DETTAGLI PRODOTTO:<\/p>\n<ul>\n<li><strong>Aumento della reattivit\u00e0 e dell&#8217;erogazione<\/strong><\/li>\n<li><strong>4 Programmi selezionabili<\/strong><\/li>\n<li><strong>Dotato di telecomando touch<\/strong> per la selezione delle diverse modalit\u00e0 preimpostate<\/li>\n<\/ul>\n<p>APPLICAZIONE:<\/p>\n<ul>\n<li>Disponibile per tutti i modelli di Jeep con acceleratore elettronico<\/li>\n<\/ul>\n<p>&nbsp;<\/p>\n<p>&nbsp;<\/p>\n","protected":false},"excerpt":{"rendered":"<p>Il sistema\u00a0Pedalbooster\u00a0si connette facilmente al cablaggio del pedale acceleratore elettronico rendendo l\u2019auto immediatamente pi\u00f9 reattiva e brillante. Dotato di 4 programmi selezionabili: City, Sport, Race, Plus. Su tutte le auto di ultima generazione, il sistema \u201cDrive by wire\u201d ha soppiantato l\u2019obsoleto cavo acceleratore. Il comando, inviato elettronicamente, viene gestito dalla centralina motore per erogare la [&hellip;]<\/p>\n","protected":false},"featured_media":1167,"template":"","meta":[],"_links":{"self":[{"href":"https:\/\/americanwildwheels.com\/index.php?rest_route=\/wp\/v2\/product\/1165"}],"collection":[{"href":"https:\/\/americanwildwheels.com\/index.php?rest_route=\/wp\/v2\/product"}],"about":[{"href":"https:\/\/americanwildwheels.com\/index.php?rest_route=\/wp\/v2\/types\/product"}],"wp:featuredmedia":[{"embeddable":true,"href":"https:\/\/americanwildwheels.com\/index.php?rest_route=\/wp\/v2\/media\/1167"}],"wp:attachment":[{"href":"https:\/\/americanwildwheels.com\/index.php?rest_route=%2Fwp%2Fv2%2Fmedia&parent=1165"}],"curies":[{"name":"wp","href":"https:\/\/api.w.org\/{rel}","templated":true}]}}