{"id":1328,"date":"2019-04-26T15:44:47","date_gmt":"2019-04-26T13:44:47","guid":{"rendered":"https:\/\/americanwildwheels.com\/?post_type=product&#038;p=1328"},"modified":"2019-04-26T15:44:48","modified_gmt":"2019-04-26T13:44:48","slug":"set-tappetini-anteriori-americana-originali-jeep","status":"publish","type":"product","link":"https:\/\/americanwildwheels.com\/?product=set-tappetini-anteriori-americana-originali-jeep","title":{"rendered":"Set Tappetini Anteriori AMERICANA ORIGINALI JEEP"},"content":{"rendered":"<p>Disponibili Kit Tappetini AMERICANA ORIGINALI<\/p>\n<p>Il valore del kit \u00e8 data dall&#8217;originalit\u00e0 e dalla rarit\u00e0 dell&#8217;articolo.<\/p>\n<p>Kit solo Anteriori &gt;&gt; 399\u20ac<\/p>\n<p>Per info:<br \/>\nWhatsapp: 3487991803<br \/>\nMail: info@americanwildwheels.com<\/p>\n<p>Il Kit \u00e8 visibile presso la nostra sede American Wild Wheels in via Fratelli Bandiera 15, Pero (MI)<\/p>\n","protected":false},"excerpt":{"rendered":"<p>Disponibili Kit Tappetini AMERICANA ORIGINALI Il valore del kit \u00e8 data dall&#8217;originalit\u00e0 e dalla rarit\u00e0 dell&#8217;articolo. Kit solo Anteriori &gt;&gt; 399\u20ac Per info: Whatsapp: 3487991803 Mail: info@americanwildwheels.com Il Kit \u00e8 visibile presso la nostra sede American Wild Wheels in via Fratelli Bandiera 15, Pero (MI)<\/p>\n","protected":false},"featured_media":1329,"template":"","meta":[],"_links":{"self":[{"href":"https:\/\/americanwildwheels.com\/index.php?rest_route=\/wp\/v2\/product\/1328"}],"collection":[{"href":"https:\/\/americanwildwheels.com\/index.php?rest_route=\/wp\/v2\/product"}],"about":[{"href":"https:\/\/americanwildwheels.com\/index.php?rest_route=\/wp\/v2\/types\/product"}],"wp:featuredmedia":[{"embeddable":true,"href":"https:\/\/americanwildwheels.com\/index.php?rest_route=\/wp\/v2\/media\/1329"}],"wp:attachment":[{"href":"https:\/\/americanwildwheels.com\/index.php?rest_route=%2Fwp%2Fv2%2Fmedia&parent=1328"}],"curies":[{"name":"wp","href":"https:\/\/api.w.org\/{rel}","templated":true}]}}