{"id":1792,"date":"2019-06-11T11:08:07","date_gmt":"2019-06-11T09:08:07","guid":{"rendered":"https:\/\/americanwildwheels.com\/?post_type=product&#038;p=1792"},"modified":"2023-05-14T16:18:38","modified_gmt":"2023-05-14T14:18:38","slug":"verricello-warn-zeon-8-s-cavo-sintetico","status":"publish","type":"product","link":"https:\/\/americanwildwheels.com\/?product=verricello-warn-zeon-8-s-cavo-sintetico","title":{"rendered":"Verricello Warn ZEON 8-S &#8211; Cavo Sintetico"},"content":{"rendered":"<p>Verricello realizzato interamente in acciaio, resistente alla corrosione e all&#8217;usura. Il suo design dona al veicolo un look aggressivo. Impermeabile, dotato di controllo remoto, questo verricello equipaggia un cavo sintetico che garantisce una maggior sicurezza durante l&#8217;utilizzo mantenendo per\u00f2 una resistenza pari a quella dei cavi metallici. La capacit\u00e0 massima di tiro del verricello \u00e8 di 8000 libbre (3628 kg).<\/p>\n<p><strong>DESCRIZIONE<\/strong><\/p>\n<ul>\n<li>Realizzato in acciaio, resistente alla ruggine<\/li>\n<li>Capacit\u00e0 di tiro massima pari a 8000 libbre (3628 kg)<\/li>\n<li>Impermeabile e dotato di controllo remoto<\/li>\n<li>Cavo sintetico (30.00 m) equipaggiato<\/li>\n<\/ul>\n","protected":false},"excerpt":{"rendered":"<ul>\n<li>Capacit\u00e0 massima tiro 8000 lb (3628 kg)<\/li>\n<li>Cavo sintetico 30.00 m<\/li>\n<li>Impermeabile<\/li>\n<li>Controllo remoto<\/li>\n<li>In acciaio<\/li>\n<li>Rateo ingranaggi 162:1<\/li>\n<li>Motore: 12v<\/li>\n<li>Peso: 34.00 kg<\/li>\n<\/ul>\n","protected":false},"featured_media":1793,"template":"","meta":[],"_links":{"self":[{"href":"https:\/\/americanwildwheels.com\/index.php?rest_route=\/wp\/v2\/product\/1792"}],"collection":[{"href":"https:\/\/americanwildwheels.com\/index.php?rest_route=\/wp\/v2\/product"}],"about":[{"href":"https:\/\/americanwildwheels.com\/index.php?rest_route=\/wp\/v2\/types\/product"}],"wp:featuredmedia":[{"embeddable":true,"href":"https:\/\/americanwildwheels.com\/index.php?rest_route=\/wp\/v2\/media\/1793"}],"wp:attachment":[{"href":"https:\/\/americanwildwheels.com\/index.php?rest_route=%2Fwp%2Fv2%2Fmedia&parent=1792"}],"curies":[{"name":"wp","href":"https:\/\/api.w.org\/{rel}","templated":true}]}}