{"id":1813,"date":"2019-06-12T15:00:03","date_gmt":"2019-06-12T13:00:03","guid":{"rendered":"https:\/\/americanwildwheels.com\/?post_type=product&#038;p=1813"},"modified":"2022-02-21T15:06:47","modified_gmt":"2022-02-21T14:06:47","slug":"verricello-warn-zeon-platinum-12-s-cavo-sintetico","status":"publish","type":"product","link":"https:\/\/americanwildwheels.com\/?product=verricello-warn-zeon-platinum-12-s-cavo-sintetico","title":{"rendered":"Verricello Warn ZEON Platinum 12-S &#8211; Cavo Sintetico"},"content":{"rendered":"<p>Verricello con capacit\u00e0 di traino massima pari a 12000 libbre (5443 kg), equipaggia un cavo in fibra sintetica ad alte prestazioni ideato per permettere mobilit\u00e0, affidabilit\u00e0 e sicurezza durante l&#8217;utilizzo resistendo a forti sollecitazioni. Il verricello \u00e8 dotato di controllo a distanza Wireless. Il telecomando dispone di uno schermo sul quale \u00e8 possibile visualizzare la temperatura del motore per monitorarne il surriscaldamento.<\/p>\n<p><strong>DESCRIZIONE<\/strong><\/p>\n<ul>\n<li>Capacit\u00e0 di traino massima di 12000 lb (5443 kg)<\/li>\n<li>Cavo in fibra sintetica ad alte prestazioni<\/li>\n<li>Telecomando per il controllo remoto Wireless<\/li>\n<li>Schermo per il monitoraggio della temperatura<\/li>\n<\/ul>\n","protected":false},"excerpt":{"rendered":"<ul>\n<li>Capacit\u00e0 traino 12000 lb (5443 kg)<\/li>\n<li>Controllo remoto<\/li>\n<li>Monitoraggio temperatura del motore<\/li>\n<li>Motore: 12v<\/li>\n<li>Rateo ingranaggi: 162:1<\/li>\n<li>Peso: 34 kg<\/li>\n<li>Fune: 25 m<\/li>\n<\/ul>\n","protected":false},"featured_media":1814,"template":"","meta":[],"_links":{"self":[{"href":"https:\/\/americanwildwheels.com\/index.php?rest_route=\/wp\/v2\/product\/1813"}],"collection":[{"href":"https:\/\/americanwildwheels.com\/index.php?rest_route=\/wp\/v2\/product"}],"about":[{"href":"https:\/\/americanwildwheels.com\/index.php?rest_route=\/wp\/v2\/types\/product"}],"wp:featuredmedia":[{"embeddable":true,"href":"https:\/\/americanwildwheels.com\/index.php?rest_route=\/wp\/v2\/media\/1814"}],"wp:attachment":[{"href":"https:\/\/americanwildwheels.com\/index.php?rest_route=%2Fwp%2Fv2%2Fmedia&parent=1813"}],"curies":[{"name":"wp","href":"https:\/\/api.w.org\/{rel}","templated":true}]}}