{"id":1977,"date":"2019-07-12T11:24:15","date_gmt":"2019-07-12T09:24:15","guid":{"rendered":"https:\/\/americanwildwheels.com\/?post_type=product&#038;p=1977"},"modified":"2019-07-12T12:27:57","modified_gmt":"2019-07-12T10:27:57","slug":"barra-led-radiance-curve-plus-30","status":"publish","type":"product","link":"https:\/\/americanwildwheels.com\/?product=barra-led-radiance-curve-plus-30","title":{"rendered":"Barra LED &#8211; Radiance Curve Plus 30&#8243;"},"content":{"rendered":"<p>Barra led estremamente versatile. Grazie alla sua ampia gamma di configurazioni Spot\/Flood \/Driving\/Hyperspot\/Diffused\u00a0 si adatta ad ogni situazione, pu\u00f2 inoltre operare combinando le diverse modalit\u00e0. Questa \u00e8 una delle barre led pi\u00f9 efficienti e luminose sul mercato, inoltre le barre Radiance Plus sono dotate di retroilluminazione integrata disponibile nei colori bianco, ambra, rosso, blu e verde.<\/p>\n<p><strong>DESCRIZIONE<\/strong><\/p>\n<ul>\n<li>Barra versatile che dispone di pi\u00f9 configurazioni<\/li>\n<li>Pu\u00f2 operare combinando diverse configurazioni<\/li>\n<li>Garantisce un potente fascio di luce mantenendo un&#8217;ottima efficienza energetica<\/li>\n<li>Dotata di retroilluminazione di vari colori<\/li>\n<\/ul>\n","protected":false},"excerpt":{"rendered":"<ul>\n<li>Realizzato in alluminio<\/li>\n<li>Staffa di montaggio inclusa<\/li>\n<li>Retroilluminazione con controlli indipendenti<\/li>\n<li>+50000 ore di vita<\/li>\n<li>LED: 15<\/li>\n<li><span class=\"field-label\">Lumen: 9214<\/span><\/li>\n<li><span class=\"field-label\">Distanza massima fascio di luce:\u00a0<\/span>359.9 m<\/li>\n<\/ul>\n","protected":false},"featured_media":1978,"template":"","meta":[],"_links":{"self":[{"href":"https:\/\/americanwildwheels.com\/index.php?rest_route=\/wp\/v2\/product\/1977"}],"collection":[{"href":"https:\/\/americanwildwheels.com\/index.php?rest_route=\/wp\/v2\/product"}],"about":[{"href":"https:\/\/americanwildwheels.com\/index.php?rest_route=\/wp\/v2\/types\/product"}],"wp:featuredmedia":[{"embeddable":true,"href":"https:\/\/americanwildwheels.com\/index.php?rest_route=\/wp\/v2\/media\/1978"}],"wp:attachment":[{"href":"https:\/\/americanwildwheels.com\/index.php?rest_route=%2Fwp%2Fv2%2Fmedia&parent=1977"}],"curies":[{"name":"wp","href":"https:\/\/api.w.org\/{rel}","templated":true}]}}