{"id":3102,"date":"2019-11-25T11:13:44","date_gmt":"2019-11-25T10:13:44","guid":{"rendered":"https:\/\/americanwildwheels.com\/?post_type=product&#038;p=3102"},"modified":"2020-02-13T10:30:03","modified_gmt":"2020-02-13T09:30:03","slug":"pneumatici-mickey-thompson-et-front-drag-racing","status":"publish","type":"product","link":"https:\/\/americanwildwheels.com\/?product=pneumatici-mickey-thompson-et-front-drag-racing","title":{"rendered":"Pneumatici &#8211; Mickey Thompson ET Front Drag Racing"},"content":{"rendered":"<p>Questi pneumatici anteriori per Drag marca &#8220;Mickey Thompson&#8221; sono ultraleggeri e progettati per offrire la minima resistenza all&#8217;asfalto garantendo la massima robustezza ed affidabilit\u00e0 sulle alte velocit\u00e0. Progettati per garantire le massime prestazioni.<\/p>\n<p>&nbsp;<\/p>\n<p style=\"text-align: right;\"><em>-Per questo articolo l&#8217;ordine minimo \u00e8 di due pezzi<\/em><\/p>\n","protected":false},"excerpt":{"rendered":"<p>Questi pneumatici anteriori per Drag marca &#8220;Mickey Thompson&#8221; sono ultraleggeri e progettati per offrire la minima resistenza all&#8217;asfalto garantendo la massima robustezza ed affidabilit\u00e0 sulle alte velocit\u00e0. Progettati per garantire le massime prestazioni. &nbsp; -Per questo articolo l&#8217;ordine minimo \u00e8 di due pezzi<\/p>\n","protected":false},"featured_media":3108,"template":"","meta":[],"_links":{"self":[{"href":"https:\/\/americanwildwheels.com\/index.php?rest_route=\/wp\/v2\/product\/3102"}],"collection":[{"href":"https:\/\/americanwildwheels.com\/index.php?rest_route=\/wp\/v2\/product"}],"about":[{"href":"https:\/\/americanwildwheels.com\/index.php?rest_route=\/wp\/v2\/types\/product"}],"wp:featuredmedia":[{"embeddable":true,"href":"https:\/\/americanwildwheels.com\/index.php?rest_route=\/wp\/v2\/media\/3108"}],"wp:attachment":[{"href":"https:\/\/americanwildwheels.com\/index.php?rest_route=%2Fwp%2Fv2%2Fmedia&parent=3102"}],"curies":[{"name":"wp","href":"https:\/\/api.w.org\/{rel}","templated":true}]}}