{"id":312,"date":"2017-12-30T21:31:42","date_gmt":"2017-12-30T20:31:42","guid":{"rendered":"http:\/\/www.americanwildwheels.com\/zzap\/?post_type=product&#038;p=312"},"modified":"2020-02-21T14:26:43","modified_gmt":"2020-02-21T13:26:43","slug":"bestop-twill-supertop-nx-soft-top-jeep-wrangler-tj-2-porte","status":"publish","type":"product","link":"https:\/\/americanwildwheels.com\/?product=bestop-twill-supertop-nx-soft-top-jeep-wrangler-tj-2-porte","title":{"rendered":"Bestop Twill Supertop NX Soft Top &#8211; Jeep Wrangler TJ &#8211; 2 Porte"},"content":{"rendered":"<ul>\n<li><strong>Il Supertop NX \u00e8 una capottina veramente completa e funzionale.<\/strong> Permette infatti di essere utilizzata completamente chiusa, con il tettuccio aperto solo sui posti anteriori<strong> (classico Sundrider)<\/strong>, oppure, asportando le finestre laterali e il lunotto posteriore<strong> (utilizzando solo il top come un Bikini Safari)<\/strong> o infine anche ripiegandola tutta dietro la panchetta per una guida plain air. Completa di tutto l\u2019hardware necessario per il montaggio. Non richiede alcuna foratura.<\/li>\n<\/ul>\n<p><strong>Note speciali:<\/strong><\/p>\n<ul>\n<li>Questo tessuto\u00a0 <strong>Black Twill Supertop NX utilizza le stesse cose utilizzate in tutte le auto sportive di lusso<\/strong>. Invece del normale vinile Jeep, questo tessuto \u00e8 molto pi\u00f9 lussuoso, molto pi\u00f9 simile al tessuto. \u00c8 anche il tessuto pi\u00f9 pesante mai usato, quindi non solo \u00e8 molto pi\u00f9 silenzioso, ma aiuta anche a fermare il trasferimento di calore. <strong>Il tessuto \u00e8 in realt\u00e0 tre strati pesanti: twill all&#8217;esterno, impermeabilit\u00e0 in gomma e twill rifinito all&#8217;interno<\/strong>. Rende l&#8217;interno della parte superiore finita come all&#8217;esterno.<\/li>\n<\/ul>\n<p><strong>Dettagli del prodotto:<\/strong><\/p>\n<ul>\n<li>Garantito a vita (&#8220;l&#8217;unico soft-top che \u00e8 possibile acquistare con una garanzia illimitata).<\/li>\n<li>Nuovo 30 once. Il tessuto in twill nero a triplo strato ha una durata superiore rispetto ad altri tessuti utilizzati per i soft top Jeep.<\/li>\n<li>Tessuto in twill nero come quello delle auto sportive di lusso..<\/li>\n<li>Presenta un aspetto liscio, antirughe e non contiene PVC.<\/li>\n<li>Pi\u00f9 flessibile, con una sensazione pi\u00f9 morbida e prestazioni termiche superiori rispetto al tessuto classico.<\/li>\n<li>Le finestre rimovibili e sostituibili sono dotate di cerniere per il conteggio degli sportelli YKK di prima qualit\u00e0 per una facile rimozione o installazione con termosaldatura a superficie estesa per la resistenza e la protezione dai climi estremi.<\/li>\n<li>Filo industriale in poliestere da 135 gauge da utilizzare con cuciture finite per la massima durata.<\/li>\n<li>L&#8217;hardware Premium \u00e8 verniciato a polvere nero per la resistenza alla corrosione e ai graffi.<\/li>\n<li>Dispone di cornici per porte e parabrezza in stile fabbrica, barra Top Arch esclusiva per Bestop, ginocchiere a sgancio rapido e tensionamento regolabile, proprio come Supertop NX.<\/li>\n<li>Pannello tetto apribile Sunrider Flip-back esclusivo di Bestop per un&#8217;esperienza all&#8217;aria aperta<\/li>\n<li>Finestre laterali e posteriori in vinile approvate sono oscurate per il 31%\u00a0 per mantenere pi\u00f9 fresco l&#8217;interno nella stagione calda.<\/li>\n<\/ul>\n<p>&nbsp;<\/p>\n<p><b>Parti incluse:<\/b><\/p>\n<ul>\n<li>(1) SuperTop NX, Black Twill<\/li>\n<li>(2) Finestrini laterali, colorato<\/li>\n<li>(1) Finestra posteriore, colorato<\/li>\n<\/ul>\n<p><strong>Per Jeep Wrangler Prodotte nei seguenti anni:<\/strong><\/p>\n<ul>\n<li>1997 &#8211; 1998 &#8211; 1999 &#8211; 2000 &#8211; 2001 &#8211; 2002 &#8211; 2003 &#8211; 2004 &#8211; 2005 e 2006<\/li>\n<\/ul>\n","protected":false},"excerpt":{"rendered":"<ul>\n<li>Per Jeep Wrangler TJ<\/li>\n<li>Completo di tutto l\u2019hardware necessario per il montaggio<\/li>\n<li>Vetri scuri<\/li>\n<li>Tessuto Black Twill di alta qualit\u00e0.<\/li>\n<li>Ripiegabile<\/li>\n<li>2 anni di garanzia<\/li>\n<\/ul>\n","protected":false},"featured_media":190,"template":"","meta":[],"_links":{"self":[{"href":"https:\/\/americanwildwheels.com\/index.php?rest_route=\/wp\/v2\/product\/312"}],"collection":[{"href":"https:\/\/americanwildwheels.com\/index.php?rest_route=\/wp\/v2\/product"}],"about":[{"href":"https:\/\/americanwildwheels.com\/index.php?rest_route=\/wp\/v2\/types\/product"}],"wp:featuredmedia":[{"embeddable":true,"href":"https:\/\/americanwildwheels.com\/index.php?rest_route=\/wp\/v2\/media\/190"}],"wp:attachment":[{"href":"https:\/\/americanwildwheels.com\/index.php?rest_route=%2Fwp%2Fv2%2Fmedia&parent=312"}],"curies":[{"name":"wp","href":"https:\/\/api.w.org\/{rel}","templated":true}]}}