{"id":3753,"date":"2020-03-16T11:45:35","date_gmt":"2020-03-16T10:45:35","guid":{"rendered":"https:\/\/americanwildwheels.com\/?post_type=product&#038;p=3753"},"modified":"2020-03-16T11:59:24","modified_gmt":"2020-03-16T10:59:24","slug":"ganci-cofano-racing-con-serratura-jeep-wrangler-jk-2007-2017","status":"publish","type":"product","link":"https:\/\/americanwildwheels.com\/?product=ganci-cofano-racing-con-serratura-jeep-wrangler-jk-2007-2017","title":{"rendered":"Ganci Cofano Racing con Serratura &#8211; Jeep Wrangler JK (2007-2017)"},"content":{"rendered":"<p>Questo kit ganci cofano render\u00e0 unico il vostro JK.<\/p>\n<p>Caratterizzati da un<strong> design unico<\/strong>, sono realizzati con materiali di <strong>elevata qualit\u00e0<\/strong>. Sono progettati per fornire uno <strong>sgancio rapido, stile &#8220;Racing&#8221;, per l&#8217;apertura del cofano.<\/strong><\/p>\n<p>Il kit \u00e8 fornito anche di <strong>chiave di bloccaggio<\/strong>. Questo sistema permetter\u00e0 non solo di migliorare l&#8217;estetica del vostro JK, ma anche di t<strong>enere al sicuro ci\u00f2 che \u00e8 all&#8217;interno del cofano.<\/strong><\/p>\n<p>Il montaggio di questi ganci migliora anche la <strong>stabilit\u00e0 del cofano della Jeep alle alte velocit\u00e0.<\/strong> I <strong>ganci originali in plastica sono infatti soggetti ad rapida usura<\/strong>, generando un fastidioso problema di vibrazione del cofano durante i lunghi viaggi in autostrada.<\/p>\n<p><b>DETTAGLI PRODOTTO:<\/b><\/p>\n<ul>\n<li><b>Per Jeep Wrangler JK<\/b><\/li>\n<li><strong>Progettati per essere installati su cofano e parafanghi stock (di serie)<\/strong><\/li>\n<li><strong>Non richiedono forature per essere installati<\/strong><\/li>\n<li><strong>Realizzati in acciaio ed alluminio<\/strong><\/li>\n<li><strong>Kit con<\/strong> <strong>doppia serratura<\/strong><\/li>\n<\/ul>\n<p><b>PER I SEGUENTI MODELLI:<\/b><\/p>\n<div class=\"tab-content\">\n<div class=\"std\">\n<div class=\"new show-product-name\">\n<div class=\"tab-content\">\n<div class=\"std\">\n<div class=\"new show-product-name\">\n<ul>\n<li>Jeep Wrangler JK (2007-2017)<\/li>\n<li>Jeep Wrangler JK Unlimited (2007-2017)<\/li>\n<\/ul>\n<\/div>\n<\/div>\n<\/div>\n<\/div>\n<\/div>\n<\/div>\n","protected":false},"excerpt":{"rendered":"<ul>\n<li>Per Jeep\u00a0Wrangler JK e JK Unlimited<\/li>\n<li>Kit di ganci Racing con doppia serratura<\/li>\n<li>Progettati per essere installati su cofano e parafanghi stock (di serie)<\/li>\n<li>Materiale: acciaio<\/li>\n<li>Non richiedono forature per essere installati<\/li>\n<\/ul>\n","protected":false},"featured_media":3754,"template":"","meta":[],"_links":{"self":[{"href":"https:\/\/americanwildwheels.com\/index.php?rest_route=\/wp\/v2\/product\/3753"}],"collection":[{"href":"https:\/\/americanwildwheels.com\/index.php?rest_route=\/wp\/v2\/product"}],"about":[{"href":"https:\/\/americanwildwheels.com\/index.php?rest_route=\/wp\/v2\/types\/product"}],"wp:featuredmedia":[{"embeddable":true,"href":"https:\/\/americanwildwheels.com\/index.php?rest_route=\/wp\/v2\/media\/3754"}],"wp:attachment":[{"href":"https:\/\/americanwildwheels.com\/index.php?rest_route=%2Fwp%2Fv2%2Fmedia&parent=3753"}],"curies":[{"name":"wp","href":"https:\/\/api.w.org\/{rel}","templated":true}]}}