{"id":4605,"date":"2020-11-12T17:06:43","date_gmt":"2020-11-12T16:06:43","guid":{"rendered":"https:\/\/americanwildwheels.com\/?post_type=product&#038;p=4605"},"modified":"2020-11-13T09:44:04","modified_gmt":"2020-11-13T08:44:04","slug":"sportello-tappo-carburante-ami-con-serratura-jeep-wrangler-jl-2018","status":"publish","type":"product","link":"https:\/\/americanwildwheels.com\/?product=sportello-tappo-carburante-ami-con-serratura-jeep-wrangler-jl-2018","title":{"rendered":"Sportello Tappo Carburante AMI Con Serratura &#8211; Jeep Wrangler JL (2018+)"},"content":{"rendered":"<h2><span style=\"font-size: 16px;\">Aggiungere uno sportello con serratura alla tua Jeep Wrangler JL non aggiunge solo un tocco di stile ma anche un p\u00f2 di sicurezza in pi\u00f9 cosi che nessuno possa interferire con il tappo del serbatoio. Questo sportello \u00e9 realizzato in resistente alluminio 6061-T6 e fornito di bulloneria in acciaio inossidabile per mantenere una qualit\u00e0 duratura ne tempo.<\/span><\/h2>\n<div class=\"row marginT\">\n<p class=\"bold\"><strong>DETTAGLI DEL PRODOTTO:<\/strong><\/p>\n<ul class=\"ulPuntato\">\n<li>Per Jeep Wrangler JL (2018+)<\/li>\n<li>Serratura di sicurezza<\/li>\n<li>Realizzato in alluminio<\/li>\n<\/ul>\n<p><strong>PER I SEGUENTI MODELLI:\u00a0<\/strong><\/p>\n<ul>\n<li>Jeep Wrangler JL (2018+)<\/li>\n<\/ul>\n<\/div>\n","protected":false},"excerpt":{"rendered":"<ul class=\"ulPuntato\">\n<li>Per Jeep Wrangler JL (2018+)<\/li>\n<li>Serratura di sicurezza<\/li>\n<li>Realizzato in alluminio<\/li>\n<\/ul>\n<p><img loading=\"lazy\" decoding=\"async\" class=\"alignnone size-medium wp-image-4631\" src=\"https:\/\/americanwildwheels.com\/wp-content\/uploads\/2020\/11\/Schermata-2020-11-12-alle-18.27.02-300x123.png\" alt=\"\" width=\"300\" height=\"123\" srcset=\"https:\/\/americanwildwheels.com\/wp-content\/uploads\/2020\/11\/Schermata-2020-11-12-alle-18.27.02-300x123.png 300w, https:\/\/americanwildwheels.com\/wp-content\/uploads\/2020\/11\/Schermata-2020-11-12-alle-18.27.02-416x171.png 416w, https:\/\/americanwildwheels.com\/wp-content\/uploads\/2020\/11\/Schermata-2020-11-12-alle-18.27.02.png 588w\" sizes=\"(max-width: 300px) 100vw, 300px\" \/><\/p>\n","protected":false},"featured_media":4606,"template":"","meta":[],"_links":{"self":[{"href":"https:\/\/americanwildwheels.com\/index.php?rest_route=\/wp\/v2\/product\/4605"}],"collection":[{"href":"https:\/\/americanwildwheels.com\/index.php?rest_route=\/wp\/v2\/product"}],"about":[{"href":"https:\/\/americanwildwheels.com\/index.php?rest_route=\/wp\/v2\/types\/product"}],"wp:featuredmedia":[{"embeddable":true,"href":"https:\/\/americanwildwheels.com\/index.php?rest_route=\/wp\/v2\/media\/4606"}],"wp:attachment":[{"href":"https:\/\/americanwildwheels.com\/index.php?rest_route=%2Fwp%2Fv2%2Fmedia&parent=4605"}],"curies":[{"name":"wp","href":"https:\/\/api.w.org\/{rel}","templated":true}]}}