{"id":5563,"date":"2021-10-13T11:01:35","date_gmt":"2021-10-13T09:01:35","guid":{"rendered":"https:\/\/americanwildwheels.com\/?post_type=product&#038;p=5563"},"modified":"2021-10-13T11:01:35","modified_gmt":"2021-10-13T09:01:35","slug":"ammortizzatore-di-sterzo-rough-country-premium-n3-jeep-wrangler-jk","status":"publish","type":"product","link":"https:\/\/americanwildwheels.com\/?product=ammortizzatore-di-sterzo-rough-country-premium-n3-jeep-wrangler-jk","title":{"rendered":"Ammortizzatore di Sterzo Rough Country Premium N3 &#8211; Jeep Wrangler JK"},"content":{"rendered":"<div class=\"row description\">\n<p class=\"\">Questo ammortizzatore di sterzo con supporto al ponte \u00e8 progettato per migliorare la maneggevolezza e il comfort di marcia riducendo le vibrazioni e la durezza. Quando si utilizzano ruote e pneumatici pi\u00f9 grandi, un ammortizzatore di sterzo migliorato \u00e8 estremamente vantaggioso. L&#8217;ammortizzatore di sterzo N3 non solo ridurr\u00e0 il &#8220;bump steer&#8221;, ma prolungher\u00e0 anche la durata di pneumatici, componenti dello sterzo e snodi sferici. Utilizzando un design con installazione sul ponte, questo ammortizzatore di sterzo aumenta la luce da terra. Gli ammortizzatori N3 premium Rough Country sono caricati con azoto e presentano un design a doppio tubo con valvole variabili a 10 stadi.<\/p>\n<\/div>\n<div class=\"row marginT\">\n<p class=\"bold\"><strong>DETTAGLI DEL PRODOTTO:\u00a0<\/strong><\/p>\n<ul class=\"ulPuntato\">\n<li>Per Jeep Wrangler JK 3 porte (2007-2017)<\/li>\n<li>Per Jeep Wrangler JK 4 porte (2007-2017)<\/li>\n<li>Rinforzato rispetto a quello di serie<\/li>\n<li>Migliora il controllo e la manovrabilit\u00e0<\/li>\n<li>L&#8217;installazione al ponte aumenta la luce da terra<\/li>\n<li>Si adatta SOLO ai modelli dotati di assetto da +2 pollici o pi\u00f9<\/li>\n<\/ul>\n<p><strong>PER I SEGUENTI MODELLI:\u00a0<\/strong><\/p>\n<ul>\n<li>Jeep Wrangler JK 3 porte (2007-2017)<\/li>\n<li>Jeep Wrangler JK 4 porte (2007-2017)<\/li>\n<\/ul>\n<\/div>\n","protected":false},"excerpt":{"rendered":"<ul>\n<li>Per Jeep Wrangler JK 3 porte (2007-2017)<\/li>\n<li>Per Jeep Wrangler JK 4 porte (2007-2017)<\/li>\n<li>Rinforzato rispetto a quello di serie<\/li>\n<li>Migliora il controllo e la manovrabilit\u00e0<\/li>\n<li>L&#8217;installazione al ponte aumenta la luce da terra<\/li>\n<li>Si adatta SOLO ai modelli dotati di assetto da +2 pollici o pi\u00f9<\/li>\n<\/ul>\n<p><img loading=\"lazy\" decoding=\"async\" class=\"alignnone size-medium wp-image-5318\" src=\"https:\/\/americanwildwheels.com\/wp-content\/uploads\/2021\/07\/logo-RC-1-1-300x300.png\" alt=\"\" width=\"300\" height=\"300\" srcset=\"https:\/\/americanwildwheels.com\/wp-content\/uploads\/2021\/07\/logo-RC-1-1.png 300w, https:\/\/americanwildwheels.com\/wp-content\/uploads\/2021\/07\/logo-RC-1-1-150x150.png 150w, https:\/\/americanwildwheels.com\/wp-content\/uploads\/2021\/07\/logo-RC-1-1-100x100.png 100w\" sizes=\"(max-width: 300px) 100vw, 300px\" \/><\/p>\n","protected":false},"featured_media":5564,"template":"","meta":[],"_links":{"self":[{"href":"https:\/\/americanwildwheels.com\/index.php?rest_route=\/wp\/v2\/product\/5563"}],"collection":[{"href":"https:\/\/americanwildwheels.com\/index.php?rest_route=\/wp\/v2\/product"}],"about":[{"href":"https:\/\/americanwildwheels.com\/index.php?rest_route=\/wp\/v2\/types\/product"}],"wp:featuredmedia":[{"embeddable":true,"href":"https:\/\/americanwildwheels.com\/index.php?rest_route=\/wp\/v2\/media\/5564"}],"wp:attachment":[{"href":"https:\/\/americanwildwheels.com\/index.php?rest_route=%2Fwp%2Fv2%2Fmedia&parent=5563"}],"curies":[{"name":"wp","href":"https:\/\/api.w.org\/{rel}","templated":true}]}}