{"id":5635,"date":"2021-11-02T16:54:38","date_gmt":"2021-11-02T15:54:38","guid":{"rendered":"https:\/\/americanwildwheels.com\/?post_type=product&#038;p=5635"},"modified":"2026-02-12T11:16:16","modified_gmt":"2026-02-12T10:16:16","slug":"olio-motore-10w-30-hot-rod-classic","status":"publish","type":"product","link":"https:\/\/americanwildwheels.com\/?product=olio-motore-10w-30-hot-rod-classic","title":{"rendered":"Olio Motore 10W-30 Hot Rod &#038; Classic Lucas Oil"},"content":{"rendered":"<p>Lucas Oil\u00a0<strong>olio motore SAE 10W-30\u00a0<\/strong>per Hot Rod e auto Classiche d\u2019Epoca\/ Storiche \u00e8 prodotto con oli base paraffinici di altissima qualit\u00e0. E\u2019<strong>\u00a0arricchito<\/strong>\u00a0con un esclusivo pacchetto di\u00a0<strong>additivi<\/strong>\u00a0contenente alti livelli di\u00a0<strong>Zinco<\/strong>\u00a0( ZDDP ),\u00a0<strong>molibdeno e fosforo<\/strong>, che fornisce un film additivo pi\u00f9 duro e spesso per la massima protezione anche nelle condizioni pi\u00f9 estreme in<strong>\u00a0Meccanismi Usurati<\/strong>.<br \/>\nMigliora la resistenza del film tra la parete del cilindro e le fasce elastiche e rallenta la combustione dell\u2019olio in oltre migliora anche la pressione dell\u2019olio nei motori usurati.<br \/>\nHa<strong>\u00a0ottime propriet\u00e0 a basse temperature<\/strong>\u00a0e resiste a temperature operative elevate.<br \/>\n\u00c8\u00a0<strong>compatibile con metanolo e tutti i carburanti da competizione<\/strong>, nonch\u00e9 con oli<strong>\u00a0sintetici e non sintetici.<\/strong><\/p>\n<p><strong>Lucas Hot Rod e olio per auto d\u2019epoca SAE 10W-30\u00a0<\/strong>eccellente anche per\u00a0<strong>muscle car, showroom<\/strong>,\u00a0<strong>auto classiche e da competizione prive catalizzatori.<\/strong><br \/>\nPu\u00f2 essere utilizzato in applicazioni da corsa.<br \/>\n<strong>Non raccomandato<\/strong>\u00a0l\u2019uso su autovetture con<strong>\u00a0marmitte catalitiche<\/strong>.<\/p>\n<p>Disponibile in comode bottiglie da 946 ml oppure in taniche da 5 quarti di Gallone ( 4,720 ml ) il formato perfetto per il pubblico\u00a0<strong>Hot Rod e Auto Classiche,.. con un valore di zinco aumentato<\/strong>\u00a0di 2100 PPM.<\/p>\n<p>Poich\u00e9 molti di questi mezzi speciali spesso trascorrono lunghi periodi di rimessaggio invernale non sempre al riparo da umidit\u00e0 ed intemperie, per dare loro una massima protezione sono stati inclusi numerosi componenti del pacchetto di additivi utilizzati negli oli marini di Lucas per fornire protezione dalla ruggine e dalla corrosione con la sua formula unica.<\/p>\n<p><strong>L\u2019alta percentuale di ZDDP ( zinco )<\/strong>\u00a0\u00e8 un eccellente e necessario protettivo delle punterie e in particolare del tipo piatto Flat Tappet , dei bilancieri e camme.<\/p>\n<p>Un eccellente e superiore<strong>\u00a0sostituto<\/strong>\u00a0dei\u00a0<strong>vecchi oli mono grado 30wt.<\/strong><\/p>\n<p><strong>Prodotti correlati consigliati:<\/strong><\/p>\n<p>Nei vecchi motori usurati che fumano, battono e consumano olio usate lo stabilizzatore olio Heavy Duty codice 10001 oppure lo stabilizzatore sintetico codice 10130.<\/p>\n<p>Per motori ad alta compressione\u00a0<strong>pre 1993<\/strong> usate Lucas Oil Octane Booster codice 10026 oppure Upper Cylinder Lubricant codice 10020<a href=\"https:\/\/lucasoil-italia.com\/trattamento-per-carburante\/\">\u00a0<\/a>proteggeranno le valvole e manterranno protetta e lubrificata la parte alta dei cilindri, le loro propriet\u00e0 in oltre garantiscono una combustione pi\u00f9 completa per meno residui e pi\u00f9 chilometri per litro.<\/p>\n<p>Per mantenere efficiente il vostro carburante nei i lunghi periodi di rimessaggio usate lo stabilizzatore per carburanti codice 10314 or 10302.<\/p>\n<p>Nei motori con eccessivo consumo di olio e perdite d\u2019olio usate il famoso Stop Leak additivo blocca perdite codice 10278.<\/p>\n<p>Mantieni basse le temperature del tuo motore con il nostro additivo per radiatori Super Coolant codice 10640.<\/p>\n<p><strong>DETTAGLI DEL PRODOTTO:\u00a0 <\/strong><\/p>\n<ul>\n<li>Fornisce un film additivo pi\u00f9 duro e spesso per la massima protezione<\/li>\n<li>Abbassa la temperatura dell\u2019olio<\/li>\n<li>Prolunga la durata dell\u2019olio<\/li>\n<li>Riduce al minimo l\u2019affaticamento e l\u2019usura delle parti meccaniche<\/li>\n<li>Migliora la pressione dell\u2019olio nei motori usurati e la mantiene efficiente in quelli nuovi<\/li>\n<li>Compatibile con metanolo e tutti i carburanti da competizione, nonch\u00e9 con oli sintetici e non sintetici<\/li>\n<\/ul>\n","protected":false},"excerpt":{"rendered":"<ul>\n<li>Fornisce un film additivo pi\u00f9 duro e spesso per la massima protezione<\/li>\n<li>Abbassa la temperatura dell\u2019olio<\/li>\n<li>Prolunga la durata dell\u2019olio<\/li>\n<li>Riduce al minimo l\u2019affaticamento e l\u2019usura delle parti meccaniche<\/li>\n<li>Migliora la pressione dell\u2019olio nei motori usurati e la mantiene efficiente in quelli nuovi<\/li>\n<li>Compatibile con metanolo e tutti i carburanti da competizione, nonch\u00e9 con oli sintetici e non sintetici<\/li>\n<\/ul>\n<p><img loading=\"lazy\" decoding=\"async\" class=\"alignnone size-medium wp-image-5633\" src=\"https:\/\/americanwildwheels.com\/wp-content\/uploads\/2021\/11\/lucas_Italia_Logo-300x60.png\" alt=\"\" width=\"300\" height=\"60\" srcset=\"https:\/\/americanwildwheels.com\/wp-content\/uploads\/2021\/11\/lucas_Italia_Logo-300x60.png 300w, https:\/\/americanwildwheels.com\/wp-content\/uploads\/2021\/11\/lucas_Italia_Logo-768x152.png 768w, https:\/\/americanwildwheels.com\/wp-content\/uploads\/2021\/11\/lucas_Italia_Logo-416x83.png 416w, https:\/\/americanwildwheels.com\/wp-content\/uploads\/2021\/11\/lucas_Italia_Logo.png 811w\" sizes=\"(max-width: 300px) 100vw, 300px\" \/><\/p>\n","protected":false},"featured_media":5636,"template":"","meta":[],"_links":{"self":[{"href":"https:\/\/americanwildwheels.com\/index.php?rest_route=\/wp\/v2\/product\/5635"}],"collection":[{"href":"https:\/\/americanwildwheels.com\/index.php?rest_route=\/wp\/v2\/product"}],"about":[{"href":"https:\/\/americanwildwheels.com\/index.php?rest_route=\/wp\/v2\/types\/product"}],"wp:featuredmedia":[{"embeddable":true,"href":"https:\/\/americanwildwheels.com\/index.php?rest_route=\/wp\/v2\/media\/5636"}],"wp:attachment":[{"href":"https:\/\/americanwildwheels.com\/index.php?rest_route=%2Fwp%2Fv2%2Fmedia&parent=5635"}],"curies":[{"name":"wp","href":"https:\/\/api.w.org\/{rel}","templated":true}]}}