{"id":5647,"date":"2021-11-02T17:31:47","date_gmt":"2021-11-02T16:31:47","guid":{"rendered":"https:\/\/americanwildwheels.com\/?post_type=product&#038;p=5647"},"modified":"2025-09-02T15:57:17","modified_gmt":"2025-09-02T13:57:17","slug":"olio-motore-10w-40-hot-rod-classic-lucas-oil","status":"publish","type":"product","link":"https:\/\/americanwildwheels.com\/?product=olio-motore-10w-40-hot-rod-classic-lucas-oil","title":{"rendered":"Olio Motore 10W-40 Hot Rod &#038; Classic Lucas Oil"},"content":{"rendered":"<p>LucasOil\u00a0<strong>Olio per motori SAE 10W-40\u00a0<\/strong>auto\u00a0<strong>classiche d\u2019epoca Hot Rod\u00a0<\/strong>\u00e8 prodotto con oli base paraffinici di altissima qualit\u00e0 ed \u00e8<strong>\u00a0potenziato<\/strong>\u00a0con un esclusivo pacchetto di<strong>\u00a0additivi<\/strong>\u00a0contenente alti<strong>\u00a0livelli di zinco\u00a0<\/strong>( ZDDP ),\u00a0<strong>molibdeno e fosforo<\/strong>\u00a0nella\u00a0<strong>Gradazione 10w 40<\/strong>, che genera un film additivo pi\u00f9 duro e spesso per la massima protezione anche nelle condizioni pi\u00f9 severe.<br \/>\nMigliora la resistenza del film tra la parete del cilindro e le fasce elastiche e rallenta la combustione dell\u2019olio in oltre migliora anche la pressione dell\u2019olio nei motori usurati.<br \/>\nHa ottime propriet\u00e0 a basse temperature e resiste a temperature operative elevate.<br \/>\n\u00c8\u00a0<strong>compatibile con metanolo e tutti i carburanti da competizione<\/strong>, nonch\u00e9 con oli sintetici e non sintetici.<\/p>\n<p><strong>Lucas Hot Rod, l\u2019olio per auto d\u2019epoca SAE 10W-40\u00a0<\/strong>eccellente anche per muscle car,\u00a0<strong>showroom<\/strong>, auto classiche e\u00a0<strong>da competizione prive catalizzatori.<\/strong><br \/>\nPu\u00f2 essere utilizzato anche in applicazioni da corsa.<br \/>\n<strong>Non raccomandato<\/strong>\u00a0l\u2019uso su autovetture con marmitte catalitiche.<\/p>\n<p>Disponibile in comode taniche da 5 quarti di gallone ( 4,720 ml ) il formato perfetto per il pubblico Hot Rod e Classic Car con un valore di zinco aumentato di 2100 PPM.<br \/>\nPoich\u00e9 molti di questi mezzi speciali spesso trascorrono lunghi periodi di rimessaggio invernale non sempre al riparo da umidit\u00e0 ed intemperie, per dare loro una massima protezione sono stati inclusi numerosi componenti del pacchetto di additivi utilizzati negli oli marini di Lucas per fornire protezione dalla ruggine e dalla corrosione con la sua formula unica.<\/p>\n<p>L\u2019alta percentuale di ZDDP ( zinco ) \u00e8 un eccellente e necessario protettivo delle punterie e in particolare del tipo piatto Flat Tappet , dei bilancieri e camme.<\/p>\n<p class=\"has-text-align-center\">Un eccellente e superiore sostituto dei vecchi oli\u00a0<strong>mono grado 40wt.<\/strong><\/p>\n<p><strong><em>Vedi anche tutte le altre Gradazioni Olio Motore Classiche Hot Rot<\/em><\/strong><\/p>\n<p class=\"has-text-align-center\"><strong>Prodotti correlati consigliati:<\/strong><\/p>\n<p>Nei vecchi motori usurati che fumano, battono e consumano olio usate lo stabilizzatore olio Heavy Duty codice 10001 oppure lo stabilizzatore sintetico codice 10130.<\/p>\n<p>Per motori ad alta compressione pre 1993 usate Lucas Oil Octane Booster codice 10026 oppure Upper Cylinder Lubricant codice 10020 proteggeranno le valvole e manterranno protetta e lubrificata la parte alta dei cilindri, le loro propriet\u00e0 in oltre garantiscono una combustione pi\u00f9 completa per meno residui e pi\u00f9 chilometri per litro.<\/p>\n<p>Per mantenere efficiente il vostro carburante nei i lunghi periodi di rimessaggio usate lo stabilizzatore per carburanti codice 10314 or 10302.<\/p>\n<p>Nei motori con eccessivo consumo di olio e perdite d\u2019olio usate il famoso Stop Leak addittivo blocca perdite codice 10278.<\/p>\n<p>Mantieni basse le temperature del tuo motore con il nostro additivo per radiatori Super Coolant codice 10640.<\/p>\n<p><strong>DETTAGLI DEL PRODOTTO: <\/strong><\/p>\n<ul>\n<li>Fornisce un film additivo pi\u00f9 duro e spesso per la massima protezione<\/li>\n<li>Abbassa la temperatura dell\u2019olio<\/li>\n<li>Prolunga la durata dell\u2019olio<\/li>\n<li>Riduce al minimo l\u2019affaticamento e l\u2019usura delle parti meccaniche<\/li>\n<li>Migliora la pressione dell\u2019olio nei motori usurati e la mantiene efficiente in quelli nuovi<\/li>\n<li>Compatibile con metanolo e tutti i carburanti da competizione, nonch\u00e9 con oli sintetici e non sintetici<\/li>\n<\/ul>\n","protected":false},"excerpt":{"rendered":"<ul>\n<li>Fornisce un film additivo pi\u00f9 duro e spesso per la massima protezione<\/li>\n<li>Abbassa la temperatura dell\u2019olio<\/li>\n<li>Prolunga la durata dell\u2019olio<\/li>\n<li>Riduce al minimo l\u2019affaticamento e l\u2019usura delle parti meccaniche<\/li>\n<li>Migliora la pressione dell\u2019olio nei motori usurati e la mantiene efficiente in quelli nuovi<\/li>\n<li>Compatibile con metanolo e tutti i carburanti da competizione, nonch\u00e9 con oli sintetici e non sintetici<\/li>\n<\/ul>\n<p><img loading=\"lazy\" decoding=\"async\" class=\"alignnone size-medium wp-image-5633\" src=\"https:\/\/americanwildwheels.com\/wp-content\/uploads\/2021\/11\/lucas_Italia_Logo-300x60.png\" alt=\"\" width=\"300\" height=\"60\" srcset=\"https:\/\/americanwildwheels.com\/wp-content\/uploads\/2021\/11\/lucas_Italia_Logo-300x60.png 300w, https:\/\/americanwildwheels.com\/wp-content\/uploads\/2021\/11\/lucas_Italia_Logo-768x152.png 768w, https:\/\/americanwildwheels.com\/wp-content\/uploads\/2021\/11\/lucas_Italia_Logo-416x83.png 416w, https:\/\/americanwildwheels.com\/wp-content\/uploads\/2021\/11\/lucas_Italia_Logo.png 811w\" sizes=\"(max-width: 300px) 100vw, 300px\" \/><\/p>\n","protected":false},"featured_media":5648,"template":"","meta":[],"_links":{"self":[{"href":"https:\/\/americanwildwheels.com\/index.php?rest_route=\/wp\/v2\/product\/5647"}],"collection":[{"href":"https:\/\/americanwildwheels.com\/index.php?rest_route=\/wp\/v2\/product"}],"about":[{"href":"https:\/\/americanwildwheels.com\/index.php?rest_route=\/wp\/v2\/types\/product"}],"wp:featuredmedia":[{"embeddable":true,"href":"https:\/\/americanwildwheels.com\/index.php?rest_route=\/wp\/v2\/media\/5648"}],"wp:attachment":[{"href":"https:\/\/americanwildwheels.com\/index.php?rest_route=%2Fwp%2Fv2%2Fmedia&parent=5647"}],"curies":[{"name":"wp","href":"https:\/\/api.w.org\/{rel}","templated":true}]}}