{"id":5654,"date":"2021-11-02T17:48:34","date_gmt":"2021-11-02T16:48:34","guid":{"rendered":"https:\/\/americanwildwheels.com\/?post_type=product&#038;p=5654"},"modified":"2025-03-05T10:04:16","modified_gmt":"2025-03-05T09:04:16","slug":"olio-motore-20w-50-hot-rod-classic-lucas-oil","status":"publish","type":"product","link":"https:\/\/americanwildwheels.com\/?product=olio-motore-20w-50-hot-rod-classic-lucas-oil","title":{"rendered":"Olio Motore 20W-50 Hot Rod &#038; Classic Lucas Oil"},"content":{"rendered":"<p>Lucas Oil olio motore SAE 20W-50 per auto Classiche, Storiche, d\u2019epoca Muscle Car e Hot Rod \u00e8 prodotto con oli base paraffinici di Eccellente qualit\u00e0<\/p>\n<p>E\u2019 arricchito con un\u00a0<strong>esclusiva formula di additivi\u00a0<\/strong>contenente alti livelli di zinco ( ZDDP ),\u00a0<strong>molibdeno e fosforo<\/strong>, che produce un film additivo pi\u00f9 duro e spesso per una massima protezione anche nelle condizioni pi\u00f9 estreme.<\/p>\n<p>Migliora e aumenta la resistenza del film\u00a0<strong>tra la parete del cilindro e le fasce elastiche<\/strong>\u00a0, rallenta di molto o elimina del tutto la combustione e il consumo dell\u2019olio, aumenta la pressione dell\u2019olio nei motori usurati mantenendola stabile e performante nei nuovi.<br \/>\nHa\u00a0<strong>ottime propriet\u00e0 a basse temperature<\/strong>\u00a0e resiste a temperature operative elevate.<br \/>\n\u00c8 compatibile con metanolo e tutti i carburanti da competizione, nonch\u00e9 con oli sintetici e non sintetici.<\/p>\n<p><strong>Lucas Oil Hot Rod \u00e8 l\u2019olio SAE 20W-50<\/strong>\u00a0eccellente anche per\u00a0<strong>Muscle Car, Showroom, auto classiche d\u2019epoca e da competizione prive catalizzatori<\/strong>.<br \/>\nPu\u00f2 essere utilizzato con ottimi risultati anche in applicazioni da corsa.<br \/>\n<strong>Non raccomandato l\u2019uso<\/strong>\u00a0in autovetture odierne\u00a0<strong>con marmitte catalitiche<\/strong>.<\/p>\n<p>Disponibile in comode taniche da 5 quarti di Gallone ( 4,720 ml ) il formato perfetto per la clientela Hot Rod e Classic Car con un valore di zinco aumentato di 2100 PPM.<br \/>\nPoich\u00e9 molti di questi mezzi speciali spesso trascorrono lunghi periodi di rimessaggio invernale non sempre al riparo da umidit\u00e0 ed intemperie, per garantire loro una massima protezione sono stati inclusi numerosi componenti del pacchetto di additivi utilizzati negli oli marini di Lucas per fornire protezione dalla ruggine e dalla corrosione con la sua formula unica.<\/p>\n<p><strong>L\u2019alta percentuale di ZDDP ( zinco )\u00a0<\/strong>\u00e8 un eccellente e necessario protettivo delle punterie e in particolare del tipo piatto Flat Tappet , dei bilancieri e camme.<\/p>\n<p><strong>Olio motore 20w-50 Classiche Storiche<\/strong>\u00a0Un eccellente\u00a0<strong>sostituto<\/strong>\u00a0( e superiore) ai\u00a0<strong>vecchi oli mono grado 50wt.<\/strong><\/p>\n<p class=\"has-text-align-center\"><strong>Prodotti correlati consigliati:<\/strong><\/p>\n<p>Nei vecchi motori usurati che fumano, battono e consumano olio usate lo stabilizzatore olio Heavy Duty codice 10001 oppure lo stabilizzatore sintetico codice 10130.<\/p>\n<p>Per motori ad alta compressione pre 1993 usate Lucas Oil Octane Booster codice 10026 oppure Upper Cylinder Lubricant codice 10020 proteggeranno le valvole e manterranno protetta e lubrificata la parte alta dei cilindri, le loro propriet\u00e0 in oltre garantiscono una combustione pi\u00f9 completa per meno residui e pi\u00f9 chilometri per litro.<\/p>\n<p>Per mantenere efficiente il vostro carburante nei i lunghi periodi di rimessaggio usate lo stabilizzatore per carburanti codice 10314 or 10302.<\/p>\n<p>Nei motori con eccessivo consumo di olio e perdite d\u2019olio usate il famoso Stop Leak addittivo blocca perdite codice 10278.<\/p>\n<p>Mantieni basse le temperature del tuo motore con il nostro additivo per radiatori Super Coolant codice 10640.<\/p>\n<p><strong>DETTAGLI DEL PRODOTTO:<\/strong><\/p>\n<ul>\n<li>Fornisce un film additivo pi\u00f9 duro e spesso per la massima protezione<\/li>\n<li>Abbassa la temperatura dell\u2019olio<\/li>\n<li>Prolunga la durata dell\u2019olio<\/li>\n<li>Riduce al minimo l\u2019affaticamento e l\u2019usura delle parti meccaniche<\/li>\n<li>Migliora la pressione dell\u2019olio nei motori usurati e la mantiene efficiente in quelli nuovi<\/li>\n<li>Compatibile con metanolo e tutti i carburanti da competizione, nonch\u00e9 con oli sintetici e non sintetici<\/li>\n<\/ul>\n<p>&nbsp;<\/p>\n<p>&nbsp;<\/p>\n<p>&nbsp;<\/p>\n","protected":false},"excerpt":{"rendered":"<ul>\n<li>Fornisce un film additivo pi\u00f9 duro e spesso per la massima protezione<\/li>\n<li>Abbassa la temperatura dell\u2019olio<\/li>\n<li>Prolunga la durata dell\u2019olio<\/li>\n<li>Riduce al minimo l\u2019affaticamento e l\u2019usura delle parti meccaniche<\/li>\n<li>Migliora la pressione dell\u2019olio nei motori usurati e la mantiene efficiente in quelli nuovi<\/li>\n<li>Compatibile con metanolo e tutti i carburanti da competizione, nonch\u00e9 con oli sintetici e non sintetici<\/li>\n<\/ul>\n<p><img loading=\"lazy\" decoding=\"async\" class=\"alignnone size-medium wp-image-5633\" src=\"https:\/\/americanwildwheels.com\/wp-content\/uploads\/2021\/11\/lucas_Italia_Logo-300x60.png\" alt=\"\" width=\"300\" height=\"60\" srcset=\"https:\/\/americanwildwheels.com\/wp-content\/uploads\/2021\/11\/lucas_Italia_Logo-300x60.png 300w, https:\/\/americanwildwheels.com\/wp-content\/uploads\/2021\/11\/lucas_Italia_Logo-768x152.png 768w, https:\/\/americanwildwheels.com\/wp-content\/uploads\/2021\/11\/lucas_Italia_Logo-416x83.png 416w, https:\/\/americanwildwheels.com\/wp-content\/uploads\/2021\/11\/lucas_Italia_Logo.png 811w\" sizes=\"(max-width: 300px) 100vw, 300px\" \/><\/p>\n","protected":false},"featured_media":5655,"template":"","meta":[],"_links":{"self":[{"href":"https:\/\/americanwildwheels.com\/index.php?rest_route=\/wp\/v2\/product\/5654"}],"collection":[{"href":"https:\/\/americanwildwheels.com\/index.php?rest_route=\/wp\/v2\/product"}],"about":[{"href":"https:\/\/americanwildwheels.com\/index.php?rest_route=\/wp\/v2\/types\/product"}],"wp:featuredmedia":[{"embeddable":true,"href":"https:\/\/americanwildwheels.com\/index.php?rest_route=\/wp\/v2\/media\/5655"}],"wp:attachment":[{"href":"https:\/\/americanwildwheels.com\/index.php?rest_route=%2Fwp%2Fv2%2Fmedia&parent=5654"}],"curies":[{"name":"wp","href":"https:\/\/api.w.org\/{rel}","templated":true}]}}