{"id":5705,"date":"2021-11-09T12:10:57","date_gmt":"2021-11-09T11:10:57","guid":{"rendered":"https:\/\/americanwildwheels.com\/?post_type=product&#038;p=5705"},"modified":"2022-02-09T11:41:34","modified_gmt":"2022-02-09T10:41:34","slug":"stabilizzatore-olio-additivo-lucas-oil","status":"publish","type":"product","link":"https:\/\/americanwildwheels.com\/?product=stabilizzatore-olio-additivo-lucas-oil","title":{"rendered":"Stabilizzatore Olio Additivo Lucas Oil"},"content":{"rendered":"<h4><strong>Stabilizzatore Olio Motore Heavy Duty<\/strong><\/h4>\n<p>Un\u00a0<strong>multiuso\u00a0<\/strong>a base di puro petrolio.<\/p>\n<p>Riduce il rumore meccanico, il calore, l\u2019usura e l\u2019attrito nelle trasmissioni manuali, nei differenziali, nei motori.<\/p>\n<p>Lo stabilizzatore olio Lucas Oil \u00e8 il massimo per impieghi gravosi e per alte prestazioni, un prodotto al 100% di derivazione petrolifera sviluppato e perfezionato attraverso migliaia di ore di test in laboratorio e sul campo.<\/p>\n<p>Il risultato \u00e8 un prodotto collaudato in grado di soddisfare le esigenze di lubrificazione in diversi settori specialmente nell\u2019Automotive ma anche in quello industriale e in molti altri ancora.,<\/p>\n<p>L\u2019additivo Stabilizzatore stesso \u00e8 una miscela appositamente formulata di oli premium pi\u00f9 una variet\u00e0 di additivi estratti dal petrolio, miscelati assieme per creare un prodotto che soddisfer\u00e0 pi\u00f9 esigenze contemporaneamente in un motore, cambio, trasmissioni di vario tipo e differenziali o altro ancora.<\/p>\n<p>Nella maggior parte delle applicazioni automobilistiche, lo stabilizzatore olio Lucas Oil \u00e8 pensato per essere un supplemento agli oli.<br \/>\nE va Aggiunto per raggiungere il Giusto Grado di Viscosit\u00e0 e Protezione.<\/p>\n<p>I principali vantaggi di Lucas Heavy Duty Oil Stabilizer sono i seguenti:<\/p>\n<p>Per la manutenzione preventiva, elimina le partenze e l\u2019usura a secco. Aumenta la durata e riduce la temperatura massima dell\u2019olio in qualsiasi motore, benzina o diesel. Auto, Moto, Camion, Agricolo, Nautico<br \/>\nAumenta la pressione dell\u2019olio, riduce il rumore, perdite o trafilamenti, elimina battito in testa e compensa il gioco nei motori usurati.<br \/>\nAiuta anche a diminuire il rumore, il surriscaldamento, perdite e l\u2019usura in cambi,trasmissioni, differenziali<\/p>\n<p>Poich\u00e9 Lucas Heavy Duty Oil Stabilizer \u00e8 un prodotto al 100% a base di petrolio, pu\u00f2 tranquillamente miscelarsi con tutti gli altri lubrificanti per autotrazione, minerali semi-sintetici e anche con oli completamente sintetici.<\/p>\n<p>Lo stabilizzatore per impieghi gravosi Lucas protegge dalla ruggine, dalla corrosione e dagli avviamenti a secco causati da lunghi periodi di non utilizzo. L\u2019olio trattato con Lucas Heavy Duty Oil Stabilizer non cola da cilindri e ingranaggi mantenendo una lubrificazione costante. Questo prodotto \u00e8 eccellente anche per camper, trattori, macchine movimento terra, barche, equipaggiamento militare o tutto ci\u00f2 che rimane inutilizzato per lunghi periodi di tempo.<\/p>\n<p>Lo stabilizzatore Lucas pu\u00f2 essere utilizzato dall\u201980% al 100% per correggere problemi meccanici in scatole del cambio molto usurate, che perdono, si surriscaldano o funzionano in condizioni di pressione estreme. Lo stabilizzatore olio Lucas deve essere utilizzato al 100% su ingranaggi aperti o quando \u00e8 necessaria la massima azione di adesione e lubrificazione. \u00c8 stato usato dal 60% al 100% in molte operazioni automobilistiche in cui i motori erano cos\u00ec usurati che una riparazione sarebbe stata altrimenti inevitabile.<br \/>\nPu\u00f2 essere utilizzato al 100% in condizioni tali dove la pressione e l\u2019attrito sono cos\u00ec forti che i normali lubrificanti non reggono.<\/p>\n<p>Lo stabilizzatore olio per impieghi gravosi Lucas aderisce perfettamente ai cilindri per evitare che l\u2019olio salga e venga bruciato. Isola e previene che i contaminati della camera di combustione scendano gi\u00f9 per rovinare prematuramente l\u2019olio. Evitando queste infiltrazioni e partenze a secco la vita di un motore gi\u00e0 consumato pu\u00f2 essere estesa in modo significativo.<\/p>\n<p>L\u2019uso di Lucas Heavy Duty Oil Stabilizer consente di prolungare in sicurezza l\u2019intervallo nel cambio dell\u2019olio di almeno il 50%. Questo fatto da solo paga per il prodotto, rendendo tutti gli altri vantaggi un bonus.<\/p>\n<p>Lo stabilizzatore per impieghi pesanti Lucas \u00e8 un lubrificante perfetto per l\u2019assemblaggio meccanico e usato da molti importanti costruttori di motori. Aderisce completamente alle parti per eliminare l\u2019avviamento a secco che pu\u00f2 essere dannoso per i motori appena ricostruiti.<\/p>\n<p>Gli effetti negativi del calore in un motore o cambio sono ben noti a chiunque abbia un discreto livello di conoscenza meccanica. Lo stabilizzatore Lucas \u00e8 progettato per mantenere la sua viscosit\u00e0 (resistere alla diluizione) alle alte temperature. Gli oli ordinari spesso perdono la loro viscosit\u00e0 e stabilit\u00e0 di adesione quando le temperature salgono oltre il punto per cui sono stati progettati per funzionare. L\u2019aggiunta dello stabilizzatore Lucas all\u2019olio non solo consente alle apparecchiature di funzionare a temperature pi\u00f9 elevate, ma salvaguarda anche i motori e i cuscinetti prevenendo il danneggiamento o che vengano rovinati dal surriscaldamento.<\/p>\n<ul>\n<li><strong>DOSAGGIO:<\/strong><\/li>\n<li>Nel motore usare circa il 20% o una bottiglia da 1 L ogni gallone ( 3784 L ) di qualsiasi olio per motore minerale, semi-sintetico o sintetico.<\/li>\n<li>Nei motori molto usurati, utilizzare fino al 60 o 80% se necessario.<\/li>\n<li>Nelle trasmissioni manuali e in casse di trasmissione in genere utilizzare dal 25 al 50%.<\/li>\n<li>In differenziali usare dal 25 al 50%<\/li>\n<li>In differenziali consumati o rumorosi usare dal 50 al 100%.<\/li>\n<li>Nelle scatole degli ingranaggi industriali utilizzare dal 25 al 50% per la manutenzione preventiva e il minor consumo di energia. Se necessario, usare dal 50 al 100% per fermare perdite e surriscaldamento.<\/li>\n<\/ul>\n<p>La concentrazione di additivi protettivi contenuti nello stabilizzatore Lucas \u00e8 tale che in un cambio olio il rapporto per avere la massima lubrificazione varia fra il 20% e il 60% in aggiunta ad altri oli a seconda delle esigenze .<br \/>\nA questo punto l\u2019intero mix dell\u2019olio diventa molto pi\u00f9 fluido del solo olio la sua viscosit\u00e0 specifica aderir\u00e0 perfettamente a tutte le parti meccaniche riducendo cosi l\u2019attrito consentir\u00e0 a qualsiasi macchina o motore di eseguire un determinato lavoro con l\u2019utilizzo di meno energia.<\/p>\n<p>Questa condizione crea anche una riduzione della temperatura che prolunga la durata degli oli nonch\u00e9 delle guarnizioni, dei cuscinetti e di altri componenti.<\/p>\n<p>In campo Motociclistico nel caso di frizioni a bagno d\u2019olio o in casi simili il dosaggio da aggiungere all\u2019olio \u00e8 del 10% massimo.<\/p>\n<p>In Ford Powerstrokes suggeriamo un litro di stabilizzatore di olio sintetico puro per cambio di olio,<br \/>\nMentre con oli completamente sintetici come 5w20, 5w30 ecc\u2026 consigliamo l\u2019uso del nostro stabilizzatore olio sintetico<\/p>\n<p>Con oli ancora pi\u00f9 leggeri come le gradazioni 0w16, 0w20, 0w30 oppure in mezzi muniti di sensore di viscosit\u00e0 consigliamo di usare il nostro Stabilizzatore olio LOW VISCOSITY.<\/p>\n<div class=\"wp-block-group\">\n<div class=\"wp-block-group__inner-container\">\n<div class=\"schema-faq wp-block-yoast-faq-block\">\n<div id=\"faq-question-1600527423078\" class=\"schema-faq-section\"><\/div>\n<\/div>\n<\/div>\n<\/div>\n<p><strong>DETTAGLIO DEL PRODOTTO: <\/strong><\/p>\n<ul>\n<li>Aumenta\u00a0la vita dell\u2019olio stesso\u00a0almeno del 50% in pi\u00f9<\/li>\n<li>Riduce il\u00a0consumo di olio e riduce le perdite<\/li>\n<li>Elimina le\u00a0partenze a secco<\/li>\n<li>Aumenta la pressione dell\u2019olio<\/li>\n<li>Aumenta la\u00a0potenza e chilometri per litro<\/li>\n<li>Formato: 1 Quart (946 ml)<\/li>\n<\/ul>\n","protected":false},"excerpt":{"rendered":"<ul>\n<li>Aumenta\u00a0la vita dell\u2019olio stesso\u00a0almeno del 50% in pi\u00f9<\/li>\n<li>Riduce il\u00a0consumo di olio e riduce le perdite<\/li>\n<li>Elimina le\u00a0partenze a secco<\/li>\n<li>Aumenta la pressione dell\u2019olio<\/li>\n<li>Aumenta la\u00a0potenza e chilometri per litro<\/li>\n<li>Formato: 1 Quart (946 ml)<\/li>\n<li><\/li>\n<\/ul>\n<p><img loading=\"lazy\" decoding=\"async\" class=\"alignnone size-medium wp-image-5633\" src=\"https:\/\/americanwildwheels.com\/wp-content\/uploads\/2021\/11\/lucas_Italia_Logo-300x60.png\" alt=\"\" width=\"300\" height=\"60\" srcset=\"https:\/\/americanwildwheels.com\/wp-content\/uploads\/2021\/11\/lucas_Italia_Logo-300x60.png 300w, https:\/\/americanwildwheels.com\/wp-content\/uploads\/2021\/11\/lucas_Italia_Logo-768x152.png 768w, https:\/\/americanwildwheels.com\/wp-content\/uploads\/2021\/11\/lucas_Italia_Logo-416x83.png 416w, https:\/\/americanwildwheels.com\/wp-content\/uploads\/2021\/11\/lucas_Italia_Logo.png 811w\" sizes=\"(max-width: 300px) 100vw, 300px\" \/><\/p>\n","protected":false},"featured_media":5711,"template":"","meta":[],"_links":{"self":[{"href":"https:\/\/americanwildwheels.com\/index.php?rest_route=\/wp\/v2\/product\/5705"}],"collection":[{"href":"https:\/\/americanwildwheels.com\/index.php?rest_route=\/wp\/v2\/product"}],"about":[{"href":"https:\/\/americanwildwheels.com\/index.php?rest_route=\/wp\/v2\/types\/product"}],"wp:featuredmedia":[{"embeddable":true,"href":"https:\/\/americanwildwheels.com\/index.php?rest_route=\/wp\/v2\/media\/5711"}],"wp:attachment":[{"href":"https:\/\/americanwildwheels.com\/index.php?rest_route=%2Fwp%2Fv2%2Fmedia&parent=5705"}],"curies":[{"name":"wp","href":"https:\/\/api.w.org\/{rel}","templated":true}]}}