{"id":5714,"date":"2021-11-09T16:52:39","date_gmt":"2021-11-09T15:52:39","guid":{"rendered":"https:\/\/americanwildwheels.com\/?post_type=product&#038;p=5714"},"modified":"2022-02-09T11:39:26","modified_gmt":"2022-02-09T10:39:26","slug":"ferma-perdite-olio-stop-leak-lucas-oil","status":"publish","type":"product","link":"https:\/\/americanwildwheels.com\/?product=ferma-perdite-olio-stop-leak-lucas-oil","title":{"rendered":"Ferma Perdite Olio Stop Leak Lucas Oil"},"content":{"rendered":"<h4><strong>ADDITIVO BLOCCA PERDITE MOTORE<\/strong><\/h4>\n<p><strong>Lucas Engine Oil Stop Leak \u00e8 una formulazione unica di additivi Lucas progettati per arrestare le perdite nei motori.<\/strong><\/p>\n<p>\u00c8 anche un\u00a0<strong>additivo eccezionale<\/strong>\u00a0per\u00a0<strong>motori consumati e vecchi<\/strong>, riduce il rumore meccanico e il consumo di olio mentre<strong>\u00a0alza la pressione dell\u2019olio stesso.<\/strong><br \/>\n<strong>Non contiene solventi nocivi\u00a0<\/strong>e pu\u00f2 effettivamente\u00a0<strong>prolungare la durata dell\u2019olio motore del 50% o pi\u00f9.<\/strong><br \/>\nI motori che perdono sono in genere i motori pi\u00f9 vecchi, Lucas Engine Oil Stop Leak non \u00e8 solo un prodotto che ferma i trafilamenti ma anche un\u00a0<strong>ottimo additivo per motori usurati.<\/strong><\/p>\n<p>Chi lo usa pu\u00f2 aspettarsi\u00a0<strong>un motore pi\u00f9 silenzioso<\/strong>\u00a0poich\u00e9 gli additivi Lucas riempiono lo spazio tra le parti usurate,\u00a0<strong>maggiore pressione dell\u2019olio e minor consumo di olio.<\/strong><br \/>\nLucas Engine Oil Stop Leak \u00e8 anche\u00a0<strong>efficace nell\u2019arrestare perdite<\/strong>\u00a0in trasmissioni automatiche, trasmissioni idrostatiche o sistemi idraulici.<\/p>\n<p>Il 10% di prodotto di solito \u00e8 sufficiente, nel caso di motori molto usurati con presenza di trafilamenti pu\u00f2 servire una quantit\u00e0 maggiore.<\/p>\n<p>Nei motori a benzina, quando notiamo un soffio di fumo bianco dal tubo di scarico al mattino \u00e8 un chiaro sintomo di usura che potrebbe dipendere da guarnizioni usurate delle valvole o fasce elastiche consumate che consentono all\u2019olio di filtrare nella camera di combustione.<br \/>\nQuesto \u00e8 un segno di un motore con chilometraggio elevato, Ferma Perdite\u00a0<strong>Olio Lucas Engine Oil Leak corregger\u00e0 questo problema dopo pochi giorni di utilizzo.<\/strong><br \/>\nPer evitare che il problema ritorni, ad ogni cambio d\u2019olio dovr\u00e0 essere aggiunto un quarto (o un litro) di additivo Stop Leak.<\/p>\n<p><strong>Utilizzare il 20% della capacit\u00e0 del sistema (esempio: 1 quarto -946ml.- di Lucas Engine Oil Leak con 4 litri di olio motore).<\/strong><\/p>\n<p>In campo Motociclistico nel caso di frizioni a bagno d\u2019olio o in casi simili il dosaggio da aggiungere all\u2019olio \u00e8 del 10%.<\/p>\n<p><strong>DETTAGLI DEL PRODOTTO:\u00a0<\/strong><\/p>\n<ul>\n<li>Dura molto a lungo<\/li>\n<li>Agisce su guarnizioni di vario tipo e materiale . Fermando i gocciolamenti Trafilamenti<\/li>\n<li>Come i migliori additivi LucasOil \u00a0riduce anche attriti\u00a0e di conseguenza usura delle parti meccaniche<\/li>\n<li>Trattamento effettivo su tutte le guarnizioni, \u2013testata inclusa\u2013 grazie ad esclusivi agenti brevettati.<\/li>\n<li>Compatibile con qualsiasi tipo di olio sintetico o minerale ecc..<\/li>\n<li>Riduce il consumo di olio.<\/li>\n<li>Formato: 1 Quart (946 ml)<\/li>\n<\/ul>\n","protected":false},"excerpt":{"rendered":"<ul>\n<li>Dura molto a lungo<\/li>\n<li>Agisce su guarnizioni di vario tipo e materiale . Fermando i gocciolamenti Trafilamenti<\/li>\n<li>Come i migliori additivi LucasOil \u00a0riduce anche attriti\u00a0e di conseguenza usura delle parti meccaniche<\/li>\n<li>Trattamento effettivo su tutte le guarnizioni, \u2013testata inclusa\u2013 grazie ad esclusivi agenti brevettati.<\/li>\n<li>Compatibile con qualsiasi tipo di olio sintetico o minerale ecc..<\/li>\n<li>Riduce il consumo di olio.<\/li>\n<li>Formato: 1 Quart (946 ml)<\/li>\n<li><img loading=\"lazy\" decoding=\"async\" class=\"alignnone size-medium wp-image-5633\" src=\"https:\/\/americanwildwheels.com\/wp-content\/uploads\/2021\/11\/lucas_Italia_Logo-300x60.png\" alt=\"\" width=\"300\" height=\"60\" srcset=\"https:\/\/americanwildwheels.com\/wp-content\/uploads\/2021\/11\/lucas_Italia_Logo-300x60.png 300w, https:\/\/americanwildwheels.com\/wp-content\/uploads\/2021\/11\/lucas_Italia_Logo-768x152.png 768w, https:\/\/americanwildwheels.com\/wp-content\/uploads\/2021\/11\/lucas_Italia_Logo-416x83.png 416w, https:\/\/americanwildwheels.com\/wp-content\/uploads\/2021\/11\/lucas_Italia_Logo.png 811w\" sizes=\"(max-width: 300px) 100vw, 300px\" \/><\/li>\n<\/ul>\n","protected":false},"featured_media":5715,"template":"","meta":[],"_links":{"self":[{"href":"https:\/\/americanwildwheels.com\/index.php?rest_route=\/wp\/v2\/product\/5714"}],"collection":[{"href":"https:\/\/americanwildwheels.com\/index.php?rest_route=\/wp\/v2\/product"}],"about":[{"href":"https:\/\/americanwildwheels.com\/index.php?rest_route=\/wp\/v2\/types\/product"}],"wp:featuredmedia":[{"embeddable":true,"href":"https:\/\/americanwildwheels.com\/index.php?rest_route=\/wp\/v2\/media\/5715"}],"wp:attachment":[{"href":"https:\/\/americanwildwheels.com\/index.php?rest_route=%2Fwp%2Fv2%2Fmedia&parent=5714"}],"curies":[{"name":"wp","href":"https:\/\/api.w.org\/{rel}","templated":true}]}}